{"id":7995,"date":"2024-08-29T12:09:41","date_gmt":"2024-08-29T12:09:41","guid":{"rendered":"https:\/\/bestworldvision.net\/reservez-des-maintenant\/"},"modified":"2024-10-28T13:57:25","modified_gmt":"2024-10-28T13:57:25","slug":"reservez-des-maintenant","status":"publish","type":"page","link":"https:\/\/bestworldvision.net\/fr\/reservez-des-maintenant\/","title":{"rendered":"R\u00e9servez d\u00e8s maintenant"},"content":{"rendered":"\t\t<div data-elementor-type=\"wp-page\" data-elementor-id=\"7995\" class=\"elementor elementor-7995\" data-elementor-post-type=\"page\">\n\t\t\t\t<div class=\"elementor-element elementor-element-ca2fafb e-flex e-con-boxed e-con e-parent\" data-id=\"ca2fafb\" data-element_type=\"container\" data-e-type=\"container\" data-settings=\"{&quot;background_background&quot;:&quot;classic&quot;}\">\n\t\t\t\t\t<div class=\"e-con-inner\">\n\t\t\t\t\t<\/div>\n\t\t\t\t<\/div>\n\t\t<div class=\"elementor-element elementor-element-8e85468 e-flex e-con-boxed e-con e-parent\" data-id=\"8e85468\" data-element_type=\"container\" data-e-type=\"container\" data-settings=\"{&quot;background_background&quot;:&quot;classic&quot;}\">\n\t\t\t\t\t<div class=\"e-con-inner\">\n\t\t\t\t<div class=\"elementor-element elementor-element-346bf9b elementor-widget elementor-widget-heading\" data-id=\"346bf9b\" data-element_type=\"widget\" data-e-type=\"widget\" data-widget_type=\"heading.default\">\n\t\t\t\t<div class=\"elementor-widget-container\">\n\t\t\t\t\t<h2 class=\"elementor-heading-title elementor-size-default\">r\u00e9servez directement aupr\u00e8s de nous<\/h2>\t\t\t\t<\/div>\n\t\t\t\t<\/div>\n\t\t\t\t<div class=\"elementor-element elementor-element-46893df elementor-widget__width-initial elementor-widget elementor-widget-text-editor\" data-id=\"46893df\" data-element_type=\"widget\" data-e-type=\"widget\" data-widget_type=\"text-editor.default\">\n\t\t\t\t<div class=\"elementor-widget-container\">\n\t\t\t\t\t\t\t\t\t<p>Lorsque vous r\u00e9servez avec nous directement, nous vous offrons une r\u00e9duction de 10% sur le prix qui vous est propos\u00e9 sur <span class=\"error-spellcheck\" data-word=\"Airbnb\" data-suggestion=\"Airbag\">Airbnb<\/span> &#8211; nous demandons un acompte de 50% au moment de la r\u00e9servation et non 100% comme <span class=\"error-spellcheck\" data-word=\"Airbnb\" data-suggestion=\"Airbag\">Airbnb<\/span> ou <a href=\"booking.com\" target=\"_blank\" rel=\"noopener\"><span class=\"sc-aXZVg lbpcRa AT-ate-chip--compact ate-chip--marker  ate-chip ate-chip--compact ate-chip--marker\" data-segment=\"gid_0\" data-type=\"g\">booking.com<\/span><\/a> et les 50% restants au plus tard un mois avant l&rsquo;arriv\u00e9e &#8211; les m\u00eames r\u00e8gles d&rsquo;annulation que celles d&rsquo;<span class=\"error-spellcheck\" data-word=\"Airbnb\" data-suggestion=\"Airbag\">Airbnb<\/span> s&rsquo;appliquent. Ci-dessous vous voyez les disponibilit\u00e9s pour nos 3 villas et en cliquant sur le lien fourni vous trouverez le <span class=\"error-spellcheck\" data-word=\"co\u00fbt\" data-suggestion=\"ch\u00fbt|co\u00eft|cr\u00fbt|colt|cout\">co\u00fbt<\/span> total pour vos dates et le nombre de participants sur <span class=\"error-spellcheck\" data-word=\"airbnb\" data-suggestion=\"airbag\">airbnb<\/span>.<\/p>\t\t\t\t\t\t\t\t<\/div>\n\t\t\t\t<\/div>\n\t\t\t\t<div class=\"elementor-element elementor-element-ae3db7b elementor-widget elementor-widget-text-editor\" data-id=\"ae3db7b\" data-element_type=\"widget\" data-e-type=\"widget\" data-widget_type=\"text-editor.default\">\n\t\t\t\t<div class=\"elementor-widget-container\">\n\t\t\t\t\t\t\t\t\t<h4>CONTACTEZ <span class=\"error-spellcheck\" data-word=\"KIRAN\" data-suggestion=\"KIRA|KIR-AN|IRAN|KIR AN|KIRA N\">KIRAN<\/span> <a href=\"mailto:bestworldvision@gmail.com\">bestworldvision@gmail.com<\/a> pour faire votre r\u00e9servation<\/h4>\t\t\t\t\t\t\t\t<\/div>\n\t\t\t\t<\/div>\n\t\t\t\t\t<\/div>\n\t\t\t\t<\/div>\n\t\t<div class=\"elementor-element elementor-element-63706b2 e-flex e-con-boxed e-con e-parent\" data-id=\"63706b2\" data-element_type=\"container\" data-e-type=\"container\">\n\t\t\t\t\t<div class=\"e-con-inner\">\n\t\t<div class=\"elementor-element elementor-element-2668dde e-con-full e-flex e-con e-child\" data-id=\"2668dde\" data-element_type=\"container\" data-e-type=\"container\">\n\t\t\t\t<div class=\"elementor-element elementor-element-57b92c2 elementor-widget elementor-widget-heading\" data-id=\"57b92c2\" data-element_type=\"widget\" data-e-type=\"widget\" data-widget_type=\"heading.default\">\n\t\t\t\t<div class=\"elementor-widget-container\">\n\t\t\t\t\t<h2 class=\"elementor-heading-title elementor-size-default\">LA MEILLEURE VILLA DE VISION MONDIALE \u00c0 SAMUI<\/h2>\t\t\t\t<\/div>\n\t\t\t\t<\/div>\n\t\t\t\t<div class=\"elementor-element elementor-element-8e95600 elementor-widget__width-initial elementor-widget elementor-widget-text-editor\" data-id=\"8e95600\" data-element_type=\"widget\" data-e-type=\"widget\" data-widget_type=\"text-editor.default\">\n\t\t\t\t<div class=\"elementor-widget-container\">\n\t\t\t\t\t\t\t\t\t<strong><a href=\"https:\/\/www.airbnb.com\/rooms\/22019733?source_impression_id=p3_1724922365_P31xKcCwjx2iBvVy\" target=\"_blank\" rel=\"noopener\">www.airbnb.com\/h\/bestworld<\/a><\/strong>\t\t\t\t\t\t\t\t<\/div>\n\t\t\t\t<\/div>\n\t\t\t\t<\/div>\n\t\t<div class=\"elementor-element elementor-element-e092a3c e-con-full e-flex e-con e-child\" data-id=\"e092a3c\" data-element_type=\"container\" data-e-type=\"container\">\n\t\t\t\t<div class=\"elementor-element elementor-element-13639cf elementor-widget elementor-widget-shortcode\" data-id=\"13639cf\" data-element_type=\"widget\" data-e-type=\"widget\" data-widget_type=\"shortcode.default\">\n\t\t\t\t<div class=\"elementor-widget-container\">\n\t\t\t\t\t\t\t<div class=\"elementor-shortcode\"><iframe src=\"https:\/\/calendar.google.com\/calendar\/embed?height=600&wkst=1&ctz=Europe%2FMadrid&bgcolor=%23ffffff&title=BEST%20WORLD%20SAMUI&src=Nzc5NzJmODMyNDU3OGEzMmQxMWY0YzQyY2IwNmJiODViMDA3MjBjOGUzNmUxOTdiMmVhMDAxMzA3ZTU2Yjg5NkBncm91cC5jYWxlbmRhci5nb29nbGUuY29t&src=ZDY4MTcxMTZlMjVjNDdkMTk4ZDA2MmE2ZDUzZjQwMGIxNjc3MTMzODYyY2NiNDEwMWNiYTk3MGVhNDcyZDc3NEBncm91cC5jYWxlbmRhci5nb29nbGUuY29t&src=MjVkM2JkZmI0ODcwODhiZjVhNzhkYTFlOTI4NTJkYmRjMDhlOTZjZDAwZWNkMGE2YmZlYjlmYjFkODExOTM4ZEBncm91cC5jYWxlbmRhci5nb29nbGUuY29t&src=ZjY5MDQ4MmU4NmViNGNlOTI0ZDQyNWE3OTEwMzc4NjgzMGYzY2I3YjkwZDRiYTJiOWRlNjEzMzk4ZGNlNjkyMUBncm91cC5jYWxlbmRhci5nb29nbGUuY29t&src=YWE1MGU1YjVkM2E3ZjYwNjAyMmVlZmIyZDc2MzI0ODQwZWI1ODc1YzA3NjBiNjNhNjIyNzY0ODM0MGRkNzY0N0Bncm91cC5jYWxlbmRhci5nb29nbGUuY29t&src=MzU2YTJiZWNjNzg5OTg3MzgyZjQxMWIzMmVjNzZiNjhiNDVjYzVjYzMyNzQ0YzkzYzAwNDUyYTc2YzY0NTdmMUBncm91cC5jYWxlbmRhci5nb29nbGUuY29t&color=%23616161&color=%238E24AA&color=%23C0CA33&color=%23A79B8E&color=%23F4511E&color=%234285F4\" style=\"border:solid 1px #777\" width=\"800\" height=\"650\" frameborder=\"0\" scrolling=\"no\"><\/iframe><\/div>\n\t\t\t\t\t\t<\/div>\n\t\t\t\t<\/div>\n\t\t\t\t<\/div>\n\t\t\t\t\t<\/div>\n\t\t\t\t<\/div>\n\t\t<div class=\"elementor-element elementor-element-367a5f0 e-flex e-con-boxed e-con e-parent\" data-id=\"367a5f0\" data-element_type=\"container\" data-e-type=\"container\" data-settings=\"{&quot;background_background&quot;:&quot;classic&quot;}\">\n\t\t\t\t\t<div class=\"e-con-inner\">\n\t\t<div class=\"elementor-element elementor-element-97654e0 e-con-full e-flex e-con e-child\" data-id=\"97654e0\" data-element_type=\"container\" data-e-type=\"container\">\n\t\t\t\t<div class=\"elementor-element elementor-element-f242c0a elementor-widget elementor-widget-shortcode\" data-id=\"f242c0a\" data-element_type=\"widget\" data-e-type=\"widget\" data-widget_type=\"shortcode.default\">\n\t\t\t\t<div class=\"elementor-widget-container\">\n\t\t\t\t\t\t\t<div class=\"elementor-shortcode\"><iframe src=\"https:\/\/calendar.google.com\/calendar\/embed?\nsrc=330f867f18c9dfcd4c1ad1a6cdd8d11d7345ed3e50f83cb6682c3be03952e40a%40group.cale\nndar.google.com&ctz=Europe%2FMadrid\" style=\"border: 0\" width=\"800\" height=\"650\"\nframeborder=\"0\" scrolling=\"no\"><\/iframe><\/div>\n\t\t\t\t\t\t<\/div>\n\t\t\t\t<\/div>\n\t\t\t\t<\/div>\n\t\t<div class=\"elementor-element elementor-element-de13177 e-con-full e-flex e-con e-child\" data-id=\"de13177\" data-element_type=\"container\" data-e-type=\"container\">\n\t\t\t\t<div class=\"elementor-element elementor-element-72903ab elementor-widget elementor-widget-heading\" data-id=\"72903ab\" data-element_type=\"widget\" data-e-type=\"widget\" data-widget_type=\"heading.default\">\n\t\t\t\t<div class=\"elementor-widget-container\">\n\t\t\t\t\t<h2 class=\"elementor-heading-title elementor-size-default\">VILLA AVEC PISCINE SKY SAMUI<\/h2>\t\t\t\t<\/div>\n\t\t\t\t<\/div>\n\t\t\t\t<div class=\"elementor-element elementor-element-1181897 elementor-widget__width-initial elementor-widget elementor-widget-text-editor\" data-id=\"1181897\" data-element_type=\"widget\" data-e-type=\"widget\" data-widget_type=\"text-editor.default\">\n\t\t\t\t<div class=\"elementor-widget-container\">\n\t\t\t\t\t\t\t\t\t<a href=\"https:\/\/www.airbnb.com\/rooms\/23908699?source_impression_id=p3_1724922805_P3Ijd2z9P_kopTPG\" target=\"_blank\" rel=\"noopener\"><strong>https:\/\/www.airbnb.com\/h\/sky-pool<\/strong><\/a>\t\t\t\t\t\t\t\t<\/div>\n\t\t\t\t<\/div>\n\t\t\t\t<\/div>\n\t\t\t\t\t<\/div>\n\t\t\t\t<\/div>\n\t\t<div class=\"elementor-element elementor-element-b51491b e-flex e-con-boxed e-con e-parent\" data-id=\"b51491b\" data-element_type=\"container\" data-e-type=\"container\">\n\t\t\t\t\t<div class=\"e-con-inner\">\n\t\t<div class=\"elementor-element elementor-element-f99e3c6 e-con-full e-flex e-con e-child\" data-id=\"f99e3c6\" data-element_type=\"container\" data-e-type=\"container\">\n\t\t\t\t<div class=\"elementor-element elementor-element-8bf6c18 elementor-widget elementor-widget-heading\" data-id=\"8bf6c18\" data-element_type=\"widget\" data-e-type=\"widget\" data-widget_type=\"heading.default\">\n\t\t\t\t<div class=\"elementor-widget-container\">\n\t\t\t\t\t<h2 class=\"elementor-heading-title elementor-size-default\">VILLA SAMUI SUNSHINE AVEC VUE SUR L'OC\u00c9AN<\/h2>\t\t\t\t<\/div>\n\t\t\t\t<\/div>\n\t\t\t\t<div class=\"elementor-element elementor-element-8e0489f elementor-widget__width-initial elementor-widget elementor-widget-text-editor\" data-id=\"8e0489f\" data-element_type=\"widget\" data-e-type=\"widget\" data-widget_type=\"text-editor.default\">\n\t\t\t\t<div class=\"elementor-widget-container\">\n\t\t\t\t\t\t\t\t\t<a href=\"https:\/\/www.airbnb.com\/rooms\/17701693?source_impression_id=p3_1724923134_P3c0zpJTCHmoeb5T\" target=\"_blank\" rel=\"noopener\"><strong>https:\/\/www.airbnb.com\/h\/samuisun<\/strong><\/a>\t\t\t\t\t\t\t\t<\/div>\n\t\t\t\t<\/div>\n\t\t\t\t<\/div>\n\t\t<div class=\"elementor-element elementor-element-c83c779 e-con-full e-flex e-con e-child\" data-id=\"c83c779\" data-element_type=\"container\" data-e-type=\"container\">\n\t\t\t\t<div class=\"elementor-element elementor-element-2048b0c elementor-widget elementor-widget-shortcode\" data-id=\"2048b0c\" data-element_type=\"widget\" data-e-type=\"widget\" data-widget_type=\"shortcode.default\">\n\t\t\t\t<div class=\"elementor-widget-container\">\n\t\t\t\t\t\t\t<div class=\"elementor-shortcode\"><iframe src=\"https:\/\/calendar.google.com\/calendar\/embed?\nsrc=fc372f806bcb64fdb6185c9acfb2784fed7b4dca0f64803a4cdcf0232c8da484%40group.calen\ndar.google.com&ctz=Europe%2FMadrid\" style=\"border: 0\" width=\"800\" height=\"650\"\nframeborder=\"0\" scrolling=\"no\"><\/iframe><\/div>\n\t\t\t\t\t\t<\/div>\n\t\t\t\t<\/div>\n\t\t\t\t<\/div>\n\t\t\t\t\t<\/div>\n\t\t\t\t<\/div>\n\t\t\t\t<\/div>\n\t\t","protected":false},"excerpt":{"rendered":"<p>r\u00e9servez directement aupr\u00e8s de nous Lorsque vous r\u00e9servez avec nous directement, nous vous offrons une r\u00e9duction de 10% sur le prix qui vous est propos\u00e9 sur Airbnb &#8211; nous demandons un acompte de 50% au moment de la r\u00e9servation et [&hellip;]<\/p>\n","protected":false},"author":1,"featured_media":0,"parent":0,"menu_order":0,"comment_status":"closed","ping_status":"closed","template":"elementor_header_footer","meta":{"_monsterinsights_skip_tracking":false,"_monsterinsights_sitenote_active":false,"_monsterinsights_sitenote_note":"","_monsterinsights_sitenote_category":0,"footnotes":""},"class_list":["post-7995","page","type-page","status-publish","hentry"],"aioseo_notices":[],"_links":{"self":[{"href":"https:\/\/bestworldvision.net\/fr\/wp-json\/wp\/v2\/pages\/7995","targetHints":{"allow":["GET"]}}],"collection":[{"href":"https:\/\/bestworldvision.net\/fr\/wp-json\/wp\/v2\/pages"}],"about":[{"href":"https:\/\/bestworldvision.net\/fr\/wp-json\/wp\/v2\/types\/page"}],"author":[{"embeddable":true,"href":"https:\/\/bestworldvision.net\/fr\/wp-json\/wp\/v2\/users\/1"}],"replies":[{"embeddable":true,"href":"https:\/\/bestworldvision.net\/fr\/wp-json\/wp\/v2\/comments?post=7995"}],"version-history":[{"count":14,"href":"https:\/\/bestworldvision.net\/fr\/wp-json\/wp\/v2\/pages\/7995\/revisions"}],"predecessor-version":[{"id":9416,"href":"https:\/\/bestworldvision.net\/fr\/wp-json\/wp\/v2\/pages\/7995\/revisions\/9416"}],"wp:attachment":[{"href":"https:\/\/bestworldvision.net\/fr\/wp-json\/wp\/v2\/media?parent=7995"}],"curies":[{"name":"wp","href":"https:\/\/api.w.org\/{rel}","templated":true}]}}