{"id":7676,"date":"2024-08-29T12:09:41","date_gmt":"2024-08-29T12:09:41","guid":{"rendered":"https:\/\/bestworldvision.net\/reserva-ahora-1\/"},"modified":"2024-10-28T13:57:24","modified_gmt":"2024-10-28T13:57:24","slug":"reserva-ahora","status":"publish","type":"page","link":"https:\/\/bestworldvision.net\/es\/reserva-ahora\/","title":{"rendered":"Reserva ahora"},"content":{"rendered":"\t\t<div data-elementor-type=\"wp-page\" data-elementor-id=\"7676\" class=\"elementor elementor-7676\" data-elementor-post-type=\"page\">\n\t\t\t\t<div class=\"elementor-element elementor-element-ca2fafb e-flex e-con-boxed e-con e-parent\" data-id=\"ca2fafb\" data-element_type=\"container\" data-e-type=\"container\" data-settings=\"{&quot;background_background&quot;:&quot;classic&quot;}\">\n\t\t\t\t\t<div class=\"e-con-inner\">\n\t\t\t\t\t<\/div>\n\t\t\t\t<\/div>\n\t\t<div class=\"elementor-element elementor-element-8e85468 e-flex e-con-boxed e-con e-parent\" data-id=\"8e85468\" data-element_type=\"container\" data-e-type=\"container\" data-settings=\"{&quot;background_background&quot;:&quot;classic&quot;}\">\n\t\t\t\t\t<div class=\"e-con-inner\">\n\t\t\t\t<div class=\"elementor-element elementor-element-346bf9b elementor-widget elementor-widget-heading\" data-id=\"346bf9b\" data-element_type=\"widget\" data-e-type=\"widget\" data-widget_type=\"heading.default\">\n\t\t\t\t<div class=\"elementor-widget-container\">\n\t\t\t\t\t<h2 class=\"elementor-heading-title elementor-size-default\">Reserva con nosotras directamente<\/h2>\t\t\t\t<\/div>\n\t\t\t\t<\/div>\n\t\t\t\t<div class=\"elementor-element elementor-element-46893df elementor-widget__width-initial elementor-widget elementor-widget-text-editor\" data-id=\"46893df\" data-element_type=\"widget\" data-e-type=\"widget\" data-widget_type=\"text-editor.default\">\n\t\t\t\t<div class=\"elementor-widget-container\">\n\t\t\t\t\t\t\t\t\t<p>Cuando reserve con nosotros directamente, le ofreceremos un descuento del 10 % sobre el precio que se le cotiza en Airbnb; solicitamos un dep\u00f3sito del 50 % en el momento de la <strong><a href=\"https:\/\/www.booking.com\/\">reserva<\/a><\/strong> y no el 100 % como Airbnb o booking.com y el 50 restante. % a m\u00e1s tardar un mes antes del check-in: se aplican las mismas reglas de cancelaci\u00f3n que con Airbnb. A continuaci\u00f3n ver\u00e1 la disponibilidad de nuestras 3 villas y, al hacer clic en el enlace proporcionado, encontrar\u00e1 el costo total para sus fechas y el n\u00famero de participantes en Airbnb.<\/p>\t\t\t\t\t\t\t\t<\/div>\n\t\t\t\t<\/div>\n\t\t\t\t<div class=\"elementor-element elementor-element-ae3db7b elementor-widget elementor-widget-text-editor\" data-id=\"ae3db7b\" data-element_type=\"widget\" data-e-type=\"widget\" data-widget_type=\"text-editor.default\">\n\t\t\t\t<div class=\"elementor-widget-container\">\n\t\t\t\t\t\t\t\t\t<h4>CONTACTO KIRAN <a href=\"mailto:bestworldvision@gmail.com\">bestworldvision@gmail.com<\/a> para hacer tu reserva<\/h4>\t\t\t\t\t\t\t\t<\/div>\n\t\t\t\t<\/div>\n\t\t\t\t\t<\/div>\n\t\t\t\t<\/div>\n\t\t<div class=\"elementor-element elementor-element-63706b2 e-flex e-con-boxed e-con e-parent\" data-id=\"63706b2\" data-element_type=\"container\" data-e-type=\"container\">\n\t\t\t\t\t<div class=\"e-con-inner\">\n\t\t<div class=\"elementor-element elementor-element-2668dde e-con-full e-flex e-con e-child\" data-id=\"2668dde\" data-element_type=\"container\" data-e-type=\"container\">\n\t\t\t\t<div class=\"elementor-element elementor-element-57b92c2 elementor-widget elementor-widget-heading\" data-id=\"57b92c2\" data-element_type=\"widget\" data-e-type=\"widget\" data-widget_type=\"heading.default\">\n\t\t\t\t<div class=\"elementor-widget-container\">\n\t\t\t\t\t<h2 class=\"elementor-heading-title elementor-size-default\">SAMUI MEJOR VILLA DE VISI\u00d3N MUNDIAL<\/h2>\t\t\t\t<\/div>\n\t\t\t\t<\/div>\n\t\t\t\t<div class=\"elementor-element elementor-element-8e95600 elementor-widget__width-initial elementor-widget elementor-widget-text-editor\" data-id=\"8e95600\" data-element_type=\"widget\" data-e-type=\"widget\" data-widget_type=\"text-editor.default\">\n\t\t\t\t<div class=\"elementor-widget-container\">\n\t\t\t\t\t\t\t\t\t<strong><a href=\"https:\/\/www.airbnb.com\/rooms\/22019733?source_impression_id=p3_1724922365_P31xKcCwjx2iBvVy\" target=\"_blank\" rel=\"noopener\">www.airbnb.com\/h\/bestworld<\/a><\/strong>\t\t\t\t\t\t\t\t<\/div>\n\t\t\t\t<\/div>\n\t\t\t\t<\/div>\n\t\t<div class=\"elementor-element elementor-element-e092a3c e-con-full e-flex e-con e-child\" data-id=\"e092a3c\" data-element_type=\"container\" data-e-type=\"container\">\n\t\t\t\t<div class=\"elementor-element elementor-element-13639cf elementor-widget elementor-widget-shortcode\" data-id=\"13639cf\" data-element_type=\"widget\" data-e-type=\"widget\" data-widget_type=\"shortcode.default\">\n\t\t\t\t<div class=\"elementor-widget-container\">\n\t\t\t\t\t\t\t<div class=\"elementor-shortcode\"><iframe src=\"https:\/\/calendar.google.com\/calendar\/embed?height=600&wkst=1&ctz=Europe%2FMadrid&bgcolor=%23ffffff&title=BEST%20WORLD%20SAMUI&src=Nzc5NzJmODMyNDU3OGEzMmQxMWY0YzQyY2IwNmJiODViMDA3MjBjOGUzNmUxOTdiMmVhMDAxMzA3ZTU2Yjg5NkBncm91cC5jYWxlbmRhci5nb29nbGUuY29t&src=ZDY4MTcxMTZlMjVjNDdkMTk4ZDA2MmE2ZDUzZjQwMGIxNjc3MTMzODYyY2NiNDEwMWNiYTk3MGVhNDcyZDc3NEBncm91cC5jYWxlbmRhci5nb29nbGUuY29t&src=MjVkM2JkZmI0ODcwODhiZjVhNzhkYTFlOTI4NTJkYmRjMDhlOTZjZDAwZWNkMGE2YmZlYjlmYjFkODExOTM4ZEBncm91cC5jYWxlbmRhci5nb29nbGUuY29t&src=ZjY5MDQ4MmU4NmViNGNlOTI0ZDQyNWE3OTEwMzc4NjgzMGYzY2I3YjkwZDRiYTJiOWRlNjEzMzk4ZGNlNjkyMUBncm91cC5jYWxlbmRhci5nb29nbGUuY29t&src=YWE1MGU1YjVkM2E3ZjYwNjAyMmVlZmIyZDc2MzI0ODQwZWI1ODc1YzA3NjBiNjNhNjIyNzY0ODM0MGRkNzY0N0Bncm91cC5jYWxlbmRhci5nb29nbGUuY29t&src=MzU2YTJiZWNjNzg5OTg3MzgyZjQxMWIzMmVjNzZiNjhiNDVjYzVjYzMyNzQ0YzkzYzAwNDUyYTc2YzY0NTdmMUBncm91cC5jYWxlbmRhci5nb29nbGUuY29t&color=%23616161&color=%238E24AA&color=%23C0CA33&color=%23A79B8E&color=%23F4511E&color=%234285F4\" style=\"border:solid 1px #777\" width=\"800\" height=\"650\" frameborder=\"0\" scrolling=\"no\"><\/iframe><\/div>\n\t\t\t\t\t\t<\/div>\n\t\t\t\t<\/div>\n\t\t\t\t<\/div>\n\t\t\t\t\t<\/div>\n\t\t\t\t<\/div>\n\t\t<div class=\"elementor-element elementor-element-367a5f0 e-flex e-con-boxed e-con e-parent\" data-id=\"367a5f0\" data-element_type=\"container\" data-e-type=\"container\" data-settings=\"{&quot;background_background&quot;:&quot;classic&quot;}\">\n\t\t\t\t\t<div class=\"e-con-inner\">\n\t\t<div class=\"elementor-element elementor-element-97654e0 e-con-full e-flex e-con e-child\" data-id=\"97654e0\" data-element_type=\"container\" data-e-type=\"container\">\n\t\t\t\t<div class=\"elementor-element elementor-element-f242c0a elementor-widget elementor-widget-shortcode\" data-id=\"f242c0a\" data-element_type=\"widget\" data-e-type=\"widget\" data-widget_type=\"shortcode.default\">\n\t\t\t\t<div class=\"elementor-widget-container\">\n\t\t\t\t\t\t\t<div class=\"elementor-shortcode\"><iframe src=\"https:\/\/calendar.google.com\/calendar\/embed?\nsrc=330f867f18c9dfcd4c1ad1a6cdd8d11d7345ed3e50f83cb6682c3be03952e40a%40group.cale\nndar.google.com&ctz=Europe%2FMadrid\" style=\"border: 0\" width=\"800\" height=\"650\"\nframeborder=\"0\" scrolling=\"no\"><\/iframe><\/div>\n\t\t\t\t\t\t<\/div>\n\t\t\t\t<\/div>\n\t\t\t\t<\/div>\n\t\t<div class=\"elementor-element elementor-element-de13177 e-con-full e-flex e-con e-child\" data-id=\"de13177\" data-element_type=\"container\" data-e-type=\"container\">\n\t\t\t\t<div class=\"elementor-element elementor-element-72903ab elementor-widget elementor-widget-heading\" data-id=\"72903ab\" data-element_type=\"widget\" data-e-type=\"widget\" data-widget_type=\"heading.default\">\n\t\t\t\t<div class=\"elementor-widget-container\">\n\t\t\t\t\t<h2 class=\"elementor-heading-title elementor-size-default\">VILLA CON PISCINA EN EL CIELO DE SAMUI<\/h2>\t\t\t\t<\/div>\n\t\t\t\t<\/div>\n\t\t\t\t<div class=\"elementor-element elementor-element-1181897 elementor-widget__width-initial elementor-widget elementor-widget-text-editor\" data-id=\"1181897\" data-element_type=\"widget\" data-e-type=\"widget\" data-widget_type=\"text-editor.default\">\n\t\t\t\t<div class=\"elementor-widget-container\">\n\t\t\t\t\t\t\t\t\t<p><a href=\"https:\/\/www.airbnb.com\/rooms\/23908699?source_impression_id=p3_1724922805_P3Ijd2z9P_kopTPG\" target=\"_blank\" rel=\"noopener\"><strong>https:\/\/www.airbnb.com\/h\/sky-pool<\/strong><\/a><\/p>\t\t\t\t\t\t\t\t<\/div>\n\t\t\t\t<\/div>\n\t\t\t\t<\/div>\n\t\t\t\t\t<\/div>\n\t\t\t\t<\/div>\n\t\t<div class=\"elementor-element elementor-element-b51491b e-flex e-con-boxed e-con e-parent\" data-id=\"b51491b\" data-element_type=\"container\" data-e-type=\"container\">\n\t\t\t\t\t<div class=\"e-con-inner\">\n\t\t<div class=\"elementor-element elementor-element-f99e3c6 e-con-full e-flex e-con e-child\" data-id=\"f99e3c6\" data-element_type=\"container\" data-e-type=\"container\">\n\t\t\t\t<div class=\"elementor-element elementor-element-8bf6c18 elementor-widget elementor-widget-heading\" data-id=\"8bf6c18\" data-element_type=\"widget\" data-e-type=\"widget\" data-widget_type=\"heading.default\">\n\t\t\t\t<div class=\"elementor-widget-container\">\n\t\t\t\t\t<h2 class=\"elementor-heading-title elementor-size-default\">VILLA SAMUI SOL CON VISTA AL MAR<\/h2>\t\t\t\t<\/div>\n\t\t\t\t<\/div>\n\t\t\t\t<div class=\"elementor-element elementor-element-8e0489f elementor-widget__width-initial elementor-widget elementor-widget-text-editor\" data-id=\"8e0489f\" data-element_type=\"widget\" data-e-type=\"widget\" data-widget_type=\"text-editor.default\">\n\t\t\t\t<div class=\"elementor-widget-container\">\n\t\t\t\t\t\t\t\t\t<a href=\"https:\/\/www.airbnb.com\/rooms\/17701693?source_impression_id=p3_1724923134_P3c0zpJTCHmoeb5T\" target=\"_blank\" rel=\"noopener\"><strong>https:\/\/www.airbnb.com\/h\/samuisun<\/strong><\/a>\t\t\t\t\t\t\t\t<\/div>\n\t\t\t\t<\/div>\n\t\t\t\t<\/div>\n\t\t<div class=\"elementor-element elementor-element-c83c779 e-con-full e-flex e-con e-child\" data-id=\"c83c779\" data-element_type=\"container\" data-e-type=\"container\">\n\t\t\t\t<div class=\"elementor-element elementor-element-2048b0c elementor-widget elementor-widget-shortcode\" data-id=\"2048b0c\" data-element_type=\"widget\" data-e-type=\"widget\" data-widget_type=\"shortcode.default\">\n\t\t\t\t<div class=\"elementor-widget-container\">\n\t\t\t\t\t\t\t<div class=\"elementor-shortcode\"><iframe src=\"https:\/\/calendar.google.com\/calendar\/embed?\nsrc=fc372f806bcb64fdb6185c9acfb2784fed7b4dca0f64803a4cdcf0232c8da484%40group.calen\ndar.google.com&ctz=Europe%2FMadrid\" style=\"border: 0\" width=\"800\" height=\"650\"\nframeborder=\"0\" scrolling=\"no\"><\/iframe><\/div>\n\t\t\t\t\t\t<\/div>\n\t\t\t\t<\/div>\n\t\t\t\t<\/div>\n\t\t\t\t\t<\/div>\n\t\t\t\t<\/div>\n\t\t\t\t<\/div>\n\t\t","protected":false},"excerpt":{"rendered":"<p>reserva directamente con nosotros Cuando reserves directamente con nosotros, te ofreceremos un 10% de descuento sobre el precio que se te indique en Airbnb &#8211; solicitamos un dep\u00f3sito del 50% en el momento de la Reserva y no del 100% [&hellip;]<\/p>\n","protected":false},"author":1,"featured_media":0,"parent":0,"menu_order":0,"comment_status":"closed","ping_status":"closed","template":"elementor_header_footer","meta":{"_monsterinsights_skip_tracking":false,"_monsterinsights_sitenote_active":false,"_monsterinsights_sitenote_note":"","_monsterinsights_sitenote_category":0,"footnotes":""},"class_list":["post-7676","page","type-page","status-publish","hentry"],"aioseo_notices":[],"_links":{"self":[{"href":"https:\/\/bestworldvision.net\/es\/wp-json\/wp\/v2\/pages\/7676","targetHints":{"allow":["GET"]}}],"collection":[{"href":"https:\/\/bestworldvision.net\/es\/wp-json\/wp\/v2\/pages"}],"about":[{"href":"https:\/\/bestworldvision.net\/es\/wp-json\/wp\/v2\/types\/page"}],"author":[{"embeddable":true,"href":"https:\/\/bestworldvision.net\/es\/wp-json\/wp\/v2\/users\/1"}],"replies":[{"embeddable":true,"href":"https:\/\/bestworldvision.net\/es\/wp-json\/wp\/v2\/comments?post=7676"}],"version-history":[{"count":21,"href":"https:\/\/bestworldvision.net\/es\/wp-json\/wp\/v2\/pages\/7676\/revisions"}],"predecessor-version":[{"id":9413,"href":"https:\/\/bestworldvision.net\/es\/wp-json\/wp\/v2\/pages\/7676\/revisions\/9413"}],"wp:attachment":[{"href":"https:\/\/bestworldvision.net\/es\/wp-json\/wp\/v2\/media?parent=7676"}],"curies":[{"name":"wp","href":"https:\/\/api.w.org\/{rel}","templated":true}]}}